{"id":1566,"date":"2025-05-13T01:50:01","date_gmt":"2025-05-13T01:50:01","guid":{"rendered":"https:\/\/jubiladoscontelmex.org.mx\/norte\/?page_id=1566"},"modified":"2026-01-27T00:53:21","modified_gmt":"2026-01-27T00:53:21","slug":"eventos","status":"publish","type":"page","link":"https:\/\/jubiladoscontelmex.org.mx\/norte\/eventos\/","title":{"rendered":"eventos"},"content":{"rendered":"\t\t<div data-elementor-type=\"wp-page\" data-elementor-id=\"1566\" class=\"elementor elementor-1566\">\n\t\t\t\t<div class=\"elementor-element elementor-element-bea6bb0 e-flex e-con-boxed e-con e-parent\" data-id=\"bea6bb0\" data-element_type=\"container\" data-e-type=\"container\">\n\t\t\t\t\t<div class=\"e-con-inner\">\n\t\t\t\t<div class=\"elementor-element elementor-element-05e6d3a elementor-arrows-position-inside elementor-pagination-position-outside elementor-widget elementor-widget-image-carousel\" data-id=\"05e6d3a\" data-element_type=\"widget\" data-e-type=\"widget\" data-settings=\"{&quot;navigation&quot;:&quot;both&quot;,&quot;autoplay&quot;:&quot;yes&quot;,&quot;pause_on_hover&quot;:&quot;yes&quot;,&quot;pause_on_interaction&quot;:&quot;yes&quot;,&quot;autoplay_speed&quot;:5000,&quot;infinite&quot;:&quot;yes&quot;,&quot;speed&quot;:500}\" data-widget_type=\"image-carousel.default\">\n\t\t\t\t\t\t\t<div class=\"elementor-image-carousel-wrapper swiper\" role=\"region\" aria-roledescription=\"carousel\" aria-label=\"Carrusel de im\u00e1genes\" dir=\"ltr\">\n\t\t\t<div class=\"elementor-image-carousel swiper-wrapper swiper-image-stretch\" aria-live=\"off\">\n\t\t\t\t\t\t\t\t<div class=\"swiper-slide\" role=\"group\" aria-roledescription=\"slide\" aria-label=\"1 de 5\"><figure class=\"swiper-slide-inner\"><img decoding=\"async\" class=\"swiper-slide-image\" src=\"https:\/\/jubiladoscontelmex.org.mx\/norte\/wp-content\/uploads\/2025\/05\/istockphoto-1472519495-612x612-1-300x200.jpg\" alt=\"Group of senior friends smiling on camera after yoga lesson at city park\" \/><\/figure><\/div><div class=\"swiper-slide\" role=\"group\" aria-roledescription=\"slide\" aria-label=\"2 de 5\"><figure class=\"swiper-slide-inner\"><img decoding=\"async\" class=\"swiper-slide-image\" src=\"https:\/\/jubiladoscontelmex.org.mx\/norte\/wp-content\/uploads\/2025\/05\/images.jpg\" alt=\"images\" \/><\/figure><\/div><div class=\"swiper-slide\" role=\"group\" aria-roledescription=\"slide\" aria-label=\"3 de 5\"><figure class=\"swiper-slide-inner\"><img decoding=\"async\" class=\"swiper-slide-image\" src=\"https:\/\/jubiladoscontelmex.org.mx\/norte\/wp-content\/uploads\/2025\/05\/fiesta.jpg\" alt=\"fiesta\" \/><\/figure><\/div><div class=\"swiper-slide\" role=\"group\" aria-roledescription=\"slide\" aria-label=\"4 de 5\"><figure class=\"swiper-slide-inner\"><img decoding=\"async\" class=\"swiper-slide-image\" src=\"https:\/\/jubiladoscontelmex.org.mx\/norte\/wp-content\/uploads\/2025\/05\/11062b_ce08c6eddf40492883b3e70193652d62mv2-300x200.avif\" alt=\"11062b_ce08c6eddf40492883b3e70193652d62~mv2\" \/><\/figure><\/div><div class=\"swiper-slide\" role=\"group\" aria-roledescription=\"slide\" aria-label=\"5 de 5\"><figure class=\"swiper-slide-inner\"><img decoding=\"async\" class=\"swiper-slide-image\" src=\"https:\/\/jubiladoscontelmex.org.mx\/norte\/wp-content\/uploads\/2025\/05\/pexels-photo-7810977-300x200.webp\" alt=\"pexels-photo-7810977\" \/><\/figure><\/div>\t\t\t<\/div>\n\t\t\t\t\t\t\t\t\t\t\t\t<div class=\"elementor-swiper-button elementor-swiper-button-prev\" role=\"button\" tabindex=\"0\">\n\t\t\t\t\t\t<svg aria-hidden=\"true\" class=\"e-font-icon-svg e-eicon-chevron-left\" viewBox=\"0 0 1000 1000\" xmlns=\"http:\/\/www.w3.org\/2000\/svg\"><path d=\"M646 125C629 125 613 133 604 142L308 442C296 454 292 471 292 487 292 504 296 521 308 533L604 854C617 867 629 875 646 875 663 875 679 871 692 858 704 846 713 829 713 812 713 796 708 779 692 767L438 487 692 225C700 217 708 204 708 187 708 171 704 154 692 142 675 129 663 125 646 125Z\"><\/path><\/svg>\t\t\t\t\t<\/div>\n\t\t\t\t\t<div class=\"elementor-swiper-button elementor-swiper-button-next\" role=\"button\" tabindex=\"0\">\n\t\t\t\t\t\t<svg aria-hidden=\"true\" class=\"e-font-icon-svg e-eicon-chevron-right\" viewBox=\"0 0 1000 1000\" xmlns=\"http:\/\/www.w3.org\/2000\/svg\"><path d=\"M696 533C708 521 713 504 713 487 713 471 708 454 696 446L400 146C388 133 375 125 354 125 338 125 325 129 313 142 300 154 292 171 292 187 292 204 296 221 308 233L563 492 304 771C292 783 288 800 288 817 288 833 296 850 308 863 321 871 338 875 354 875 371 875 388 867 400 854L696 533Z\"><\/path><\/svg>\t\t\t\t\t<\/div>\n\t\t\t\t\n\t\t\t\t\t\t\t\t\t<div class=\"swiper-pagination\"><\/div>\n\t\t\t\t\t\t\t\t\t<\/div>\n\t\t\t\t\t\t<\/div>\n\t\t\t\t\t<\/div>\n\t\t\t\t<\/div>\n\t\t<div class=\"elementor-element elementor-element-5ab02bd e-flex e-con-boxed e-con e-parent\" data-id=\"5ab02bd\" data-element_type=\"container\" data-e-type=\"container\">\n\t\t\t\t\t<div class=\"e-con-inner\">\n\t\t\t\t<div class=\"elementor-element elementor-element-4f98d96 elementor-widget elementor-widget-text-editor\" data-id=\"4f98d96\" data-element_type=\"widget\" data-e-type=\"widget\" data-widget_type=\"text-editor.default\">\n\t\t\t\t\t\t\t\t\t<h4 style=\"text-align: center;\"><span style=\"color: #333399;\"><strong>En esta seccion podras ver los diversos eventos organizados por la asociacion.<\/strong><\/span><\/h4>\t\t\t\t\t\t\t\t<\/div>\n\t\t\t\t\t<\/div>\n\t\t\t\t<\/div>\n\t\t<div class=\"elementor-element elementor-element-9cb5cb4 e-con-full e-flex e-con e-parent\" data-id=\"9cb5cb4\" data-element_type=\"container\" data-e-type=\"container\">\n\t\t\t\t<div class=\"elementor-element elementor-element-0596de3 elementor-grid-eael-col-1 elementor-grid-tablet-eael-col-2 elementor-grid-mobile-eael-col-1 elementor-widget elementor-widget-eael-post-grid\" data-id=\"0596de3\" data-element_type=\"widget\" data-e-type=\"widget\" data-settings=\"{&quot;eael_post_grid_columns&quot;:&quot;eael-col-1&quot;,&quot;eael_post_grid_columns_tablet&quot;:&quot;eael-col-2&quot;,&quot;eael_post_grid_columns_mobile&quot;:&quot;eael-col-1&quot;}\" data-widget_type=\"eael-post-grid.default\">\n\t\t\t\t\t<div id=\"eael-post-grid-0596de3\" class=\"eael-post-grid-container\">\n            <div class=\"eael-post-grid eael-post-appender eael-post-appender-0596de3 eael-post-grid-style-one\" data-layout-mode=\"masonry\"><article class=\"eael-grid-post  eael-post-grid-column eael-pg-post-2641 category-eventos-sociales\" data-id=\"2641\">\n        <div class=\"eael-grid-post-holder\">\n            <div class=\"eael-grid-post-holder-inner\"><div class=\"eael-entry-media\"><div class=\"eael-entry-overlay fade-in\"><i class=\"fas fa-long-arrow-alt-right\" aria-hidden=\"true\"><\/i><a href=\"https:\/\/jubiladoscontelmex.org.mx\/norte\/posada-navidena-2025\/\"><\/a><\/div><div class=\"eael-entry-thumbnail \">\n                <img fetchpriority=\"high\" decoding=\"async\" width=\"300\" height=\"225\" src=\"https:\/\/jubiladoscontelmex.org.mx\/norte\/wp-content\/uploads\/2026\/01\/posada2025-2-1-300x225.jpg\" class=\"attachment-medium size-medium wp-image-2646\" alt=\"\" srcset=\"https:\/\/jubiladoscontelmex.org.mx\/norte\/wp-content\/uploads\/2026\/01\/posada2025-2-1-300x225.jpg 300w, https:\/\/jubiladoscontelmex.org.mx\/norte\/wp-content\/uploads\/2026\/01\/posada2025-2-1-1024x768.jpg 1024w, https:\/\/jubiladoscontelmex.org.mx\/norte\/wp-content\/uploads\/2026\/01\/posada2025-2-1-768x576.jpg 768w, https:\/\/jubiladoscontelmex.org.mx\/norte\/wp-content\/uploads\/2026\/01\/posada2025-2-1-1536x1152.jpg 1536w, https:\/\/jubiladoscontelmex.org.mx\/norte\/wp-content\/uploads\/2026\/01\/posada2025-2-1-2048x1536.jpg 2048w, https:\/\/jubiladoscontelmex.org.mx\/norte\/wp-content\/uploads\/2026\/01\/posada2025-2-1-24x18.jpg 24w, https:\/\/jubiladoscontelmex.org.mx\/norte\/wp-content\/uploads\/2026\/01\/posada2025-2-1-36x27.jpg 36w, https:\/\/jubiladoscontelmex.org.mx\/norte\/wp-content\/uploads\/2026\/01\/posada2025-2-1-48x36.jpg 48w\" sizes=\"(max-width: 300px) 100vw, 300px\" \/>\n            <\/div>\n        <\/div><div class=\"eael-entry-wrapper\"><header class=\"eael-entry-header\"><h2 class=\"eael-entry-title\"><a class=\"eael-grid-post-link\" href=\"https:\/\/jubiladoscontelmex.org.mx\/norte\/posada-navidena-2025\/\" title=\"Posada Navide\u00f1a 2025\">Posada Navide\u00f1a 2025<\/a><\/h2><\/header><div class=\"eael-entry-content\">\n                        <div class=\"eael-grid-post-excerpt\"><p>El pasado 9 de diciembre se llev\u00f3 a cabo nuestra...<\/p><a href=\"https:\/\/jubiladoscontelmex.org.mx\/norte\/posada-navidena-2025\/\" class=\"eael-post-elements-readmore-btn\">Leer m\u00e1s<\/a><\/div>\n                    <\/div><div class=\"eael-entry-footer\"><div class=\"eael-entry-meta\"><\/div><\/div><\/div><\/div>\n        <\/div>\n    <\/article><article class=\"eael-grid-post  eael-post-grid-column eael-pg-post-2018 category-eventos-sociales\" data-id=\"2018\">\n        <div class=\"eael-grid-post-holder\">\n            <div class=\"eael-grid-post-holder-inner\"><div class=\"eael-entry-media\"><div class=\"eael-entry-overlay fade-in\"><i class=\"fas fa-long-arrow-alt-right\" aria-hidden=\"true\"><\/i><a href=\"https:\/\/jubiladoscontelmex.org.mx\/norte\/celebracion-dia-de-las-madres-y-del-padre\/\"><\/a><\/div><div class=\"eael-entry-thumbnail \">\n                <img decoding=\"async\" width=\"300\" height=\"225\" src=\"https:\/\/jubiladoscontelmex.org.mx\/norte\/wp-content\/uploads\/2025\/05\/IMG-20250531-WA0096-300x225.jpg\" class=\"attachment-medium size-medium wp-image-2030\" alt=\"\" srcset=\"https:\/\/jubiladoscontelmex.org.mx\/norte\/wp-content\/uploads\/2025\/05\/IMG-20250531-WA0096-300x225.jpg 300w, https:\/\/jubiladoscontelmex.org.mx\/norte\/wp-content\/uploads\/2025\/05\/IMG-20250531-WA0096-1024x768.jpg 1024w, https:\/\/jubiladoscontelmex.org.mx\/norte\/wp-content\/uploads\/2025\/05\/IMG-20250531-WA0096-768x576.jpg 768w, https:\/\/jubiladoscontelmex.org.mx\/norte\/wp-content\/uploads\/2025\/05\/IMG-20250531-WA0096-1536x1152.jpg 1536w, https:\/\/jubiladoscontelmex.org.mx\/norte\/wp-content\/uploads\/2025\/05\/IMG-20250531-WA0096.jpg 1600w\" sizes=\"(max-width: 300px) 100vw, 300px\" \/>\n            <\/div>\n        <\/div><div class=\"eael-entry-wrapper\"><header class=\"eael-entry-header\"><h2 class=\"eael-entry-title\"><a class=\"eael-grid-post-link\" href=\"https:\/\/jubiladoscontelmex.org.mx\/norte\/celebracion-dia-de-las-madres-y-del-padre\/\" title=\"Celebracion dia de las madres y del padre\">Celebracion dia de las madres y del padre<\/a><\/h2><\/header><div class=\"eael-entry-content\">\n                        <div class=\"eael-grid-post-excerpt\"><p>El pasado 29 de mayo se levo a cabo la...<\/p><a href=\"https:\/\/jubiladoscontelmex.org.mx\/norte\/celebracion-dia-de-las-madres-y-del-padre\/\" class=\"eael-post-elements-readmore-btn\">Leer m\u00e1s<\/a><\/div>\n                    <\/div><div class=\"eael-entry-footer\"><div class=\"eael-entry-meta\"><\/div><\/div><\/div><\/div>\n        <\/div>\n    <\/article><article class=\"eael-grid-post  eael-post-grid-column eael-pg-post-1948 category-eventos-sociales\" data-id=\"1948\">\n        <div class=\"eael-grid-post-holder\">\n            <div class=\"eael-grid-post-holder-inner\"><div class=\"eael-entry-media\"><div class=\"eael-entry-overlay fade-in\"><i class=\"fas fa-long-arrow-alt-right\" aria-hidden=\"true\"><\/i><a href=\"https:\/\/jubiladoscontelmex.org.mx\/norte\/posada2024\/\"><\/a><\/div><div class=\"eael-entry-thumbnail \">\n                <img decoding=\"async\" width=\"300\" height=\"169\" src=\"https:\/\/jubiladoscontelmex.org.mx\/norte\/wp-content\/uploads\/2025\/05\/posada2-300x169.jpg\" class=\"attachment-medium size-medium wp-image-1950\" alt=\"\" srcset=\"https:\/\/jubiladoscontelmex.org.mx\/norte\/wp-content\/uploads\/2025\/05\/posada2-300x169.jpg 300w, https:\/\/jubiladoscontelmex.org.mx\/norte\/wp-content\/uploads\/2025\/05\/posada2-1024x578.jpg 1024w, https:\/\/jubiladoscontelmex.org.mx\/norte\/wp-content\/uploads\/2025\/05\/posada2-768x433.jpg 768w, https:\/\/jubiladoscontelmex.org.mx\/norte\/wp-content\/uploads\/2025\/05\/posada2-1536x866.jpg 1536w, https:\/\/jubiladoscontelmex.org.mx\/norte\/wp-content\/uploads\/2025\/05\/posada2.jpg 2048w\" sizes=\"(max-width: 300px) 100vw, 300px\" \/>\n            <\/div>\n        <\/div><div class=\"eael-entry-wrapper\"><header class=\"eael-entry-header\"><h2 class=\"eael-entry-title\"><a class=\"eael-grid-post-link\" href=\"https:\/\/jubiladoscontelmex.org.mx\/norte\/posada2024\/\" title=\"Posada Navide\u00f1a 2024\">Posada Navide\u00f1a 2024<\/a><\/h2><\/header><div class=\"eael-entry-content\">\n                        <div class=\"eael-grid-post-excerpt\"><p>El pasado mi\u00e9rcoles 11 de diciembre se llev\u00f3 a cabo...<\/p><a href=\"https:\/\/jubiladoscontelmex.org.mx\/norte\/posada2024\/\" class=\"eael-post-elements-readmore-btn\">Leer m\u00e1s<\/a><\/div>\n                    <\/div><div class=\"eael-entry-footer\"><div class=\"eael-entry-meta\"><\/div><\/div><\/div><\/div>\n        <\/div>\n    <\/article><\/div>\n            <div class=\"clearfix\"><\/div>\n        <\/div>\t\t\t\t<\/div>\n\t\t\t\t<\/div>\n\t\t\t\t<\/div>\n\t\t","protected":false},"excerpt":{"rendered":"<p>En esta seccion podras ver los diversos eventos organizados por la asociacion. Celebracion dia de las madres y del padre El pasado 29 de mayo se levo a cabo la&#8230; Leer m\u00e1s Posada Navide\u00f1a 2024 El pasado mi\u00e9rcoles 11 de diciembre se llev\u00f3 a cabo&#8230; Leer m\u00e1s<\/p>\n","protected":false},"author":1,"featured_media":0,"parent":0,"menu_order":0,"comment_status":"closed","ping_status":"closed","template":"","meta":{"footnotes":""},"class_list":["post-1566","page","type-page","status-publish","hentry"],"_links":{"self":[{"href":"https:\/\/jubiladoscontelmex.org.mx\/norte\/wp-json\/wp\/v2\/pages\/1566","targetHints":{"allow":["GET"]}}],"collection":[{"href":"https:\/\/jubiladoscontelmex.org.mx\/norte\/wp-json\/wp\/v2\/pages"}],"about":[{"href":"https:\/\/jubiladoscontelmex.org.mx\/norte\/wp-json\/wp\/v2\/types\/page"}],"author":[{"embeddable":true,"href":"https:\/\/jubiladoscontelmex.org.mx\/norte\/wp-json\/wp\/v2\/users\/1"}],"replies":[{"embeddable":true,"href":"https:\/\/jubiladoscontelmex.org.mx\/norte\/wp-json\/wp\/v2\/comments?post=1566"}],"version-history":[{"count":26,"href":"https:\/\/jubiladoscontelmex.org.mx\/norte\/wp-json\/wp\/v2\/pages\/1566\/revisions"}],"predecessor-version":[{"id":2640,"href":"https:\/\/jubiladoscontelmex.org.mx\/norte\/wp-json\/wp\/v2\/pages\/1566\/revisions\/2640"}],"wp:attachment":[{"href":"https:\/\/jubiladoscontelmex.org.mx\/norte\/wp-json\/wp\/v2\/media?parent=1566"}],"curies":[{"name":"wp","href":"https:\/\/api.w.org\/{rel}","templated":true}]}}